{"id":123,"date":"2016-10-19T08:40:26","date_gmt":"2016-10-19T08:40:26","guid":{"rendered":"http:\/\/educacion.usal.es\/?page_id=123"},"modified":"2025-04-24T07:42:22","modified_gmt":"2025-04-24T07:42:22","slug":"examenes-y-sistemas-de-evaluacion","status":"publish","type":"page","link":"https:\/\/educacion.usal.es\/en\/secretaria\/examenes-y-sistemas-de-evaluacion\/","title":{"rendered":"(Espa\u00f1ol) Ex\u00e1menes y sistemas de evaluaci\u00f3n"},"content":{"rendered":"<p class=\"qtranxs-available-languages-message qtranxs-available-languages-message-en\">Sorry, this entry is only available in <a href=\"https:\/\/educacion.usal.es\/es\/wp-json\/wp\/v2\/pages\/123\" class=\"qtranxs-available-language-link qtranxs-available-language-link-es\" title=\"Espa\u00f1ol\">Espa\u00f1ol<\/a>.<\/p>","protected":false},"excerpt":{"rendered":"<p>Sorry, this entry is only available in Espa\u00f1ol.<\/p>\n","protected":false},"author":2,"featured_media":0,"parent":99,"menu_order":1,"comment_status":"closed","ping_status":"closed","template":"","meta":{"footnotes":""},"class_list":["post-123","page","type-page","status-publish","hentry"],"aioseo_notices":[],"_links":{"self":[{"href":"https:\/\/educacion.usal.es\/en\/wp-json\/wp\/v2\/pages\/123","targetHints":{"allow":["GET"]}}],"collection":[{"href":"https:\/\/educacion.usal.es\/en\/wp-json\/wp\/v2\/pages"}],"about":[{"href":"https:\/\/educacion.usal.es\/en\/wp-json\/wp\/v2\/types\/page"}],"author":[{"embeddable":true,"href":"https:\/\/educacion.usal.es\/en\/wp-json\/wp\/v2\/users\/2"}],"replies":[{"embeddable":true,"href":"https:\/\/educacion.usal.es\/en\/wp-json\/wp\/v2\/comments?post=123"}],"version-history":[{"count":28,"href":"https:\/\/educacion.usal.es\/en\/wp-json\/wp\/v2\/pages\/123\/revisions"}],"predecessor-version":[{"id":4071,"href":"https:\/\/educacion.usal.es\/en\/wp-json\/wp\/v2\/pages\/123\/revisions\/4071"}],"up":[{"embeddable":true,"href":"https:\/\/educacion.usal.es\/en\/wp-json\/wp\/v2\/pages\/99"}],"wp:attachment":[{"href":"https:\/\/educacion.usal.es\/en\/wp-json\/wp\/v2\/media?parent=123"}],"curies":[{"name":"wp","href":"https:\/\/api.w.org\/{rel}","templated":true}]}}