{"id":717,"date":"2017-11-03T10:38:10","date_gmt":"2017-11-03T10:38:10","guid":{"rendered":"http:\/\/educacion.usal.es\/?page_id=717"},"modified":"2025-09-24T08:14:45","modified_gmt":"2025-09-24T08:14:45","slug":"solicitud-de-certificacion-academica-certificado-de-notas","status":"publish","type":"page","link":"https:\/\/educacion.usal.es\/en\/solicitud-de-certificacion-academica-certificado-de-notas\/","title":{"rendered":"(Espa\u00f1ol) Solicitud de Certificaci\u00f3n Acad\u00e9mica"},"content":{"rendered":"<p class=\"qtranxs-available-languages-message qtranxs-available-languages-message-en\">Sorry, this entry is only available in <a href=\"https:\/\/educacion.usal.es\/es\/wp-json\/wp\/v2\/pages\/717\" class=\"qtranxs-available-language-link qtranxs-available-language-link-es\" title=\"Espa\u00f1ol\">Espa\u00f1ol<\/a>.<\/p>","protected":false},"excerpt":{"rendered":"<p>Sorry, this entry is only available in Espa\u00f1ol.<\/p>\n","protected":false},"author":2,"featured_media":0,"parent":0,"menu_order":0,"comment_status":"closed","ping_status":"closed","template":"","meta":{"footnotes":""},"class_list":["post-717","page","type-page","status-publish","hentry"],"aioseo_notices":[],"_links":{"self":[{"href":"https:\/\/educacion.usal.es\/en\/wp-json\/wp\/v2\/pages\/717","targetHints":{"allow":["GET"]}}],"collection":[{"href":"https:\/\/educacion.usal.es\/en\/wp-json\/wp\/v2\/pages"}],"about":[{"href":"https:\/\/educacion.usal.es\/en\/wp-json\/wp\/v2\/types\/page"}],"author":[{"embeddable":true,"href":"https:\/\/educacion.usal.es\/en\/wp-json\/wp\/v2\/users\/2"}],"replies":[{"embeddable":true,"href":"https:\/\/educacion.usal.es\/en\/wp-json\/wp\/v2\/comments?post=717"}],"version-history":[{"count":25,"href":"https:\/\/educacion.usal.es\/en\/wp-json\/wp\/v2\/pages\/717\/revisions"}],"predecessor-version":[{"id":4328,"href":"https:\/\/educacion.usal.es\/en\/wp-json\/wp\/v2\/pages\/717\/revisions\/4328"}],"wp:attachment":[{"href":"https:\/\/educacion.usal.es\/en\/wp-json\/wp\/v2\/media?parent=717"}],"curies":[{"name":"wp","href":"https:\/\/api.w.org\/{rel}","templated":true}]}}