{"id":743,"date":"2017-11-07T13:29:45","date_gmt":"2017-11-07T13:29:45","guid":{"rendered":"http:\/\/educacion.usal.es\/?page_id=743"},"modified":"2024-10-25T08:59:35","modified_gmt":"2024-10-25T08:59:35","slug":"titulo","status":"publish","type":"page","link":"https:\/\/educacion.usal.es\/en\/titulo\/","title":{"rendered":"(Espa\u00f1ol) T\u00edtulo Facultad de Educaci\u00f3n"},"content":{"rendered":"<p class=\"qtranxs-available-languages-message qtranxs-available-languages-message-en\">Sorry, this entry is only available in <a href=\"https:\/\/educacion.usal.es\/es\/wp-json\/wp\/v2\/pages\/743\" class=\"qtranxs-available-language-link qtranxs-available-language-link-es\" title=\"Espa\u00f1ol\">Espa\u00f1ol<\/a>.<\/p>","protected":false},"excerpt":{"rendered":"<p>Sorry, this entry is only available in Espa\u00f1ol.<\/p>\n","protected":false},"author":2,"featured_media":0,"parent":0,"menu_order":0,"comment_status":"closed","ping_status":"closed","template":"","meta":{"footnotes":""},"class_list":["post-743","page","type-page","status-publish","hentry"],"aioseo_notices":[],"_links":{"self":[{"href":"https:\/\/educacion.usal.es\/en\/wp-json\/wp\/v2\/pages\/743","targetHints":{"allow":["GET"]}}],"collection":[{"href":"https:\/\/educacion.usal.es\/en\/wp-json\/wp\/v2\/pages"}],"about":[{"href":"https:\/\/educacion.usal.es\/en\/wp-json\/wp\/v2\/types\/page"}],"author":[{"embeddable":true,"href":"https:\/\/educacion.usal.es\/en\/wp-json\/wp\/v2\/users\/2"}],"replies":[{"embeddable":true,"href":"https:\/\/educacion.usal.es\/en\/wp-json\/wp\/v2\/comments?post=743"}],"version-history":[{"count":41,"href":"https:\/\/educacion.usal.es\/en\/wp-json\/wp\/v2\/pages\/743\/revisions"}],"predecessor-version":[{"id":3599,"href":"https:\/\/educacion.usal.es\/en\/wp-json\/wp\/v2\/pages\/743\/revisions\/3599"}],"wp:attachment":[{"href":"https:\/\/educacion.usal.es\/en\/wp-json\/wp\/v2\/media?parent=743"}],"curies":[{"name":"wp","href":"https:\/\/api.w.org\/{rel}","templated":true}]}}